{"id":2152,"date":"2018-01-23T11:39:59","date_gmt":"2018-01-23T17:39:59","guid":{"rendered":"http:\/\/rivierapartnersrealty.com\/politica-de-privacidad\/"},"modified":"2018-01-23T11:39:59","modified_gmt":"2018-01-23T17:39:59","slug":"politica-de-privacidad","status":"publish","type":"page","link":"https:\/\/rivierapartnersrealty.com\/es\/politica-de-privacidad\/","title":{"rendered":"Pol\u00edtica de Privacidad"},"content":{"rendered":"<p><strong>AVISO DE PRIVACIDAD DEL CLIENTE<\/strong><\/p>\n<p><span style=\"font-weight: 400;\">En conformidad con las disposiciones de la Ley Federal de Protecci\u00f3n de Datos Personales en Posesi\u00f3n de los Particulares, que en lo sucesivo ser\u00e1 denominada como \u00abLa Ley\u00bb, en este aviso de privacidad se emiten los siguientes t\u00e9rminos:<\/span><\/p>\n<p>&nbsp;<\/p>\n<p><strong> RESPONSABLE DE LOS DATOS PERSONALES<\/strong><\/p>\n<p><span style=\"font-weight: 400;\">A los efectos del presente aviso de privacidad, Peninsular Luxury Properties, S. de RL de CV (nombre comercial Riviera Partners Realty, en adelante RPR) domiciliada en la Av. Redes s\/n, Punta de Mita, Bah\u00eda de Banderas, Nayarit. 63732, es responsable de la recopilaci\u00f3n, diseminaci\u00f3n, almacenamiento, uso, manejo, transferencia y\/o eliminaci\u00f3n y la protecci\u00f3n de los datos personales obtenidos de sus clientes (en adelante, los titulares).<\/span><\/p>\n<p>&nbsp;<\/p>\n<p><strong> DATOS PERSONALES RECOLECTADOS<\/strong><\/p>\n<p><span style=\"font-weight: 400;\">Los datos personales de los titulares recabados por RPR son a manera declarativa, mas no limitados, a los siguientes: Nombre, domicilio, correo electr\u00f3nico, edad, fecha de nacimiento, sexo, estado civil, nacionalidad, n\u00famero de tel\u00e9fono, ocupaci\u00f3n, RFC, datos actuales de empleo, copia de identificaci\u00f3n con fotograf\u00eda, copia del comprobante de ingresos, referencias bancarias, cantidad de personas que dependen econ\u00f3micamente de \u00e9l\/ella, entre otros.<\/span><\/p>\n<p><span style=\"font-weight: 400;\">Sus datos personales se recopilan a trav\u00e9s de correo electr\u00f3nico o mediante la entrega de los documentos que prueban lo anterior o bien, las transferencias de datos.<\/span><\/p>\n<p>&nbsp;<\/p>\n<p><strong> POL\u00cdTICA DE DATOS SENSIBLES<\/strong><\/p>\n<p><span style=\"font-weight: 400;\">La pol\u00edtica de RPR es no solicitar ninguna informaci\u00f3n en virtud de la Ley que se definan como datos confidenciales, tales como: Religi\u00f3n, preferencia sexual, opiniones pol\u00edticas, entre otros. La compa\u00f1\u00eda apoya y fomenta la diversidad y, por lo tanto, proh\u00edbe cualquier acto discriminatorio o la aplicaci\u00f3n de cualquier informaci\u00f3n que pueda implicar un acto discriminatorio. Si proporciona datos confidenciales, la empresa los tratar\u00e1 y salvaguardar\u00e1 en t\u00e9rminos de la ley.<\/span><\/p>\n<p>&nbsp;<\/p>\n<p><strong>OBJETO DEL TRATAMIENTO DE DATOS PERSONALES<\/strong><\/p>\n<p><span style=\"font-weight: 400;\">Los datos que recopilamos est\u00e1n destinados a: (I) El desarrollo de un contrato de servicios entre RPR y los clientes para establecer los t\u00e9rminos y condiciones sobre la promoci\u00f3n de la propiedad del cliente. (II) Para la preparaci\u00f3n de los contratos de arrendamiento, promesa de compra, venta, transferencia, proyectos de inversi\u00f3n promovidos por RPR Properties. (III) Para cualquier gesti\u00f3n con el fin de confirmar el estado legal de la propiedad promovida por RPR. (IV) Organizar reuniones con prospectos en la direcci\u00f3n de la propiedad del cliente y promovida por RPR. (V) Intercambiar informaci\u00f3n e ideas entre el prospecto y la propiedad relacionada promovida por RPR. (VI) Para investigar el cr\u00e9dito y la integridad legal del cliente. (VII) A fin de cerrar todo tipo de transacciones inmobiliarias entre el cliente potencial y el cliente. (VIII) Para informarle sobre ofertas especiales y nuevos lanzamientos. (IX) Para actividades de comercializaci\u00f3n y prospecci\u00f3n. (X) Para realizar an\u00e1lisis estad\u00edsticos y de mercado. (XI) Para invitar a eventos. (XII) Para mantener nuestros registros. Del mismo modo, los datos personales tambi\u00e9n pueden utilizarse para cumplir los requisitos legales de las autoridades competentes. RPR no es responsable de la veracidad y exactitud de los datos proporcionados por usted, ni los ha verificado, sino solo los recibidos, registrados y retenidos. Usted adem\u00e1s representa y confirma con el consentimiento expreso de aquellos que tambi\u00e9n brindan informaci\u00f3n personal, ya que son una mente ejemplar: C\u00f3nyuge, concubina (o), dependientes, parientes, referencias profesionales, etc.<\/span><\/p>\n<p>&nbsp;<\/p>\n<p><strong>EXCEPCIONES<\/strong><\/p>\n<p><span style=\"font-weight: 400;\">Cabe se\u00f1alar que, seg\u00fan la ley, existen circunstancias en las que no se requiere el consentimiento para procesar sus datos personales y, por lo tanto, su ausencia o rechazo del mismo, si no se excluyen o impiden, RPR consultar\u00e1 (sus datos personales) en t\u00e9rminos de la ley y otras regulaciones que puedan aplicarse.<\/span><\/p>\n<p>&nbsp;<\/p>\n<p><strong>OPCIONES Y MEDIOS A TITULARES DE RPR PARA LIMITAR EL USO O LA DIVULGACI\u00d3N DE DATOS PERSONALES.<\/strong><\/p>\n<p><span style=\"font-weight: 400;\">Los datos personales de los Titulares ser\u00e1n tratados en la m\u00e1s estricta confidencialidad, las medidas de cuidado administrativo, f\u00edsico y t\u00e9cnico. RPR implementa sus pol\u00edticas y procedimientos de seguridad interna mediante la prevenci\u00f3n de la posible divulgaci\u00f3n ilegal y la limitaci\u00f3n de su uso a las disposiciones de este aviso de privacidad.<\/span><\/p>\n<p>&nbsp;<\/p>\n<p><strong>MEDIOS PARA EJERCER LOS DERECHOS DEL TITULAR<\/strong><\/p>\n<p><span style=\"font-weight: 400;\">En cualquier momento, usted o su representante legal debidamente acreditado pueden ejercer los derechos de Acceso y Rectificaci\u00f3n de datos cuando consideren que \u00e9stos son incorrectos o inexactos; Cancelaci\u00f3n si considera que los datos no son tratados adecuadamente y Oposici\u00f3n en caso de que no desee que sus datos sean tratados para los prop\u00f3sitos espec\u00edficos antes mencionados. El ejercicio de uno no impedir\u00e1 el ejercicio del otro y tampoco el presupuesto para otro.<\/span><\/p>\n<p><span style=\"font-weight: 400;\">Para ejercer sus derechos ARCO; debe aplicar en nuestro domicilio ubicado en Av. Redes s\/n, Punta de Mita, Bah\u00eda de Banderas, Nayarit. 63732 o env\u00edelo a nuestro departamento de datos por correo electr\u00f3nico a info@rivierapartnersrealty.com con atenci\u00f3n al Departamento de Protecci\u00f3n de Datos.<\/span><\/p>\n<p><span style=\"font-weight: 400;\">La solicitud debe contener la siguiente informaci\u00f3n: (I) El nombre del propietario. (II) Direcci\u00f3n f\u00edsica y de correo electr\u00f3nico para notificar la respuesta a la solicitud. (III) Una descripci\u00f3n clara y precisa de los datos para los que se pretende ejercer el derecho correspondiente. (IV) El prop\u00f3sito de la aplicaci\u00f3n. (V) Cualquier elemento que facilite la ubicaci\u00f3n de los datos y finalmente, debe adjuntar una copia de su ID, o bien el documento en el que se prueba la representaci\u00f3n legal.<\/span><\/p>\n<p><span style=\"font-weight: 400;\">El tiempo de respuesta de su solicitud ser\u00e1 de 20 d\u00edas h\u00e1biles a partir del d\u00eda en que se reciba la solicitud de Acceso, Rectificaci\u00f3n, Cancelaci\u00f3n u Oposici\u00f3n (ARCO) correspondiente. La respuesta se comunicar\u00e1 por medio de la direcci\u00f3n de correo electr\u00f3nico que proporcion\u00f3 en su solicitud o enviando una carta a la direcci\u00f3n provista en la misma. Una vez que dicho aviso debe ser dentro de 15 d\u00edas h\u00e1biles para hacerlo efectivo si son apropiados.<\/span><\/p>\n<p><span style=\"font-weight: 400;\">En cualquier momento, usted puede revocar el consentimiento otorgado a nosotros para el procesamiento de sus datos personales, con el fin de que dejemos de utilizarlos. Para ello, debe enviar una solicitud a los t\u00e9rminos anteriores para el ejercicio de los derechos ARCO. El procedimiento es el mismo que el previsto para el ejercicio de los derechos ARCO, en caso de que los datos de su aplicaci\u00f3n dejen de ser tratados por RPR.<\/span><\/p>\n<p>&nbsp;<\/p>\n<p><strong>TRANSFERENCIAS DE DATOS<\/strong><\/p>\n<p><span style=\"font-weight: 400;\">Sus datos personales pueden ser transferidos a ciudadanos extranjeros o terceros si es necesario para cumplir con sus obligaciones debido a la conexi\u00f3n con RPR en t\u00e9rminos de la Secci\u00f3n 37 del Art\u00edculo VII de la Ley.<\/span><\/p>\n<p><span style=\"font-weight: 400;\">Es importante informarle que cualquier tercero que reciba sus datos personales, mediante transferencias por parte de RPR, tendr\u00e1 las mismas obligaciones y responsabilidades que nosotros como responsables de sus datos y este aviso de privacidad ser\u00e1 comunicado a ese tercero.<\/span><\/p>\n<p>&nbsp;<\/p>\n<p><strong> CAMBIOS AL AVISO DE PRIVACIDAD<\/strong><\/p>\n<p><span style=\"font-weight: 400;\">Si hay alg\u00fan cambio en este aviso de privacidad, se le informar\u00e1 a trav\u00e9s de los siguientes medios:<\/span><\/p>\n<ol>\n<li><span style=\"font-weight: 400;\"> Por correo electr\u00f3nico enviado personalmente.<\/span><\/li>\n<li><span style=\"font-weight: 400;\"> Y a trav\u00e9s de anuncios en la parte visible del \u00e1rea operativa de RPR.<\/span><\/li>\n<\/ol>\n<p><span style=\"font-weight: 400;\">Del mismo modo, se les informa que el aviso de privacidad del Titular puede modificarse en cualquier momento para cumplir con nuevas legislaciones y cambiar las pol\u00edticas internas de RPR.<\/span><\/p>\n<p><span style=\"font-weight: 400;\">Si usted modificase los fines para los cuales se procesan sus datos personales, en caso de ser necesario se le solicitar\u00e1 de nuevo el consentimiento, ya sea expreso o impl\u00edcito considerando el caso espec\u00edfico.<\/span><\/p>\n","protected":false},"excerpt":{"rendered":"<p>AVISO DE PRIVACIDAD DEL CLIENTE En conformidad con las disposiciones de la Ley Federal de Protecci\u00f3n de Datos Personales en Posesi\u00f3n de los Particulares, que en lo sucesivo ser\u00e1 denominada como \u00abLa Ley\u00bb, en este aviso de privacidad se emiten los siguientes t\u00e9rminos: &nbsp; RESPONSABLE DE LOS DATOS PERSONALES A los efectos del presente aviso [&hellip;]<\/p>\n","protected":false},"author":1,"featured_media":0,"parent":0,"menu_order":0,"comment_status":"closed","ping_status":"closed","template":"","meta":{"footnotes":""},"acf":[],"_links":{"self":[{"href":"https:\/\/rivierapartnersrealty.com\/es\/wp-json\/wp\/v2\/pages\/2152"}],"collection":[{"href":"https:\/\/rivierapartnersrealty.com\/es\/wp-json\/wp\/v2\/pages"}],"about":[{"href":"https:\/\/rivierapartnersrealty.com\/es\/wp-json\/wp\/v2\/types\/page"}],"author":[{"embeddable":true,"href":"https:\/\/rivierapartnersrealty.com\/es\/wp-json\/wp\/v2\/users\/1"}],"replies":[{"embeddable":true,"href":"https:\/\/rivierapartnersrealty.com\/es\/wp-json\/wp\/v2\/comments?post=2152"}],"version-history":[{"count":0,"href":"https:\/\/rivierapartnersrealty.com\/es\/wp-json\/wp\/v2\/pages\/2152\/revisions"}],"wp:attachment":[{"href":"https:\/\/rivierapartnersrealty.com\/es\/wp-json\/wp\/v2\/media?parent=2152"}],"curies":[{"name":"wp","href":"https:\/\/api.w.org\/{rel}","templated":true}]}}