{"id":2133,"date":"2018-01-22T16:51:00","date_gmt":"2018-01-22T22:51:00","guid":{"rendered":"http:\/\/rivierapartnersrealty.com\/servicios\/"},"modified":"2018-01-22T16:51:01","modified_gmt":"2018-01-22T22:51:01","slug":"servicios","status":"publish","type":"page","link":"https:\/\/rivierapartnersrealty.com\/es\/servicios\/","title":{"rendered":"Servicios"},"content":{"rendered":"<p>[vc_row][vc_column][vc_column_text]<\/p>\n<h3><strong>RIVIERA PARTNERS REALTY SERVICES<\/strong><\/h3>\n<p><span style=\"font-weight: 400;\">El equipo de <strong>Riviera Partners Realty<\/strong> tiene una experiencia incomparable en la comunidad privada, cerrada y planificada de <strong>Punta Mita<\/strong>, as\u00ed como en propiedades ubicadas entre el pueblo pesquero de La Cruz de Huanacaxtle, con el puerto deportivo internacional reci\u00e9n terminado hacia el sur y San Francisco (San Pancho) al norte. Nuestro equipo tiene un profundo conocimiento y comprensi\u00f3n de cada faceta del negocio inmobiliario, incluido el dise\u00f1o, desarrollo y construcci\u00f3n de desarrollos residenciales de lujo, viviendas unifamiliares y desarrollos comerciales. Los Socios y Ejecutivos de Riviera Partners Realty son los m\u00e1s conocedores, y de lejos los mejor posicionados para la representaci\u00f3n y venta exitosa de bienes ra\u00edces dentro de la Comunidad de Plan Maestro de Punta Mita y toda la regi\u00f3n de <strong>Riviera Nayarit<\/strong>.<\/span><\/p>\n<p><span style=\"font-weight: 400;\">Riviera Partners Realty cuenta con el inventario m\u00e1s extenso de propiedades de reventa dentro de la comunidad planificada de Punta Mita y en todas las \u00e1reas circundantes.<\/span><\/p>\n<p><span style=\"font-weight: 400;\">El equipo de <strong>Riviera Partners Realty<\/strong> tiene la trayectoria m\u00e1s exitosa de 18 a\u00f1os en el negocio inmobiliario en <strong>Punta Mita<\/strong>. Jonathon Smart y Wally Lopez tuvieron un papel importante en Ventas y Mercadotecnia en el \u00e9xito de Punta Mita Properties y Punta Mita Resort Community hasta su salida de la oficina de Punta Mita en enero de 2009. Con la creaci\u00f3n de su propia compa\u00f1\u00eda, Riviera Partners Realty contin\u00faan siendo los Profesionales de Bienes Ra\u00edces m\u00e1s activos y exitosos dentro de la Comunidad Residencial de Enclave del Plan Maestro Punta Mita, y la regi\u00f3n circundante, debido, entre otros, a lo siguiente:<\/span><\/p>\n<p><span style=\"font-weight: 400;\">Reputaci\u00f3n inigualable de profesionalismo, conocimiento, experiencia y excelencia.<\/span><\/p>\n<p><span style=\"font-weight: 400;\">El sistema de contacto de base de datos m\u00e1s grande y sofisticado de la regi\u00f3n.<\/span><\/p>\n<p><span style=\"font-weight: 400;\">La compa\u00f1\u00eda tiene una experiencia \u00fanica y comprobada en la comercializaci\u00f3n de Resort Real Estate con sede en M\u00e9xico para compradores adinerados en los Estados Unidos, Canad\u00e1 y M\u00e9xico.<\/span><\/p>\n<p><span style=\"font-weight: 400;\">Experiencia inigualable en Punta Mita y los mercados regionales circundantes.<\/span><\/p>\n<p>&nbsp;<\/p>\n<h3><strong>SERVICIOS DE CONSULTORIA<\/strong><\/h3>\n<p><span style=\"font-weight: 400;\">Nuestra compa\u00f1\u00eda tambi\u00e9n ofrece servicios de consultor\u00eda para el dise\u00f1o, desarrollo y comercializaci\u00f3n de comunidades Master Planned de alta gama en M\u00e9xico. Nuestro exclusivo conjunto de habilidades en ventas, arquitectura, dise\u00f1o, desarrollo y comercializaci\u00f3n, y la experiencia brindada por nuestro equipo, ofrecen lo que ninguna otra empresa de bienes ra\u00edces ofrece hoy en nuestra regi\u00f3n. Nuestro conocimiento de todos los aspectos del desarrollo de las comunidades planificadas maestras es incomparable en cualquier parte de la regi\u00f3n, debido a la profundidad de nuestra experiencia en Punta Mita y la participaci\u00f3n en otras comunidades cerradas planificadas. Integrados en la oficina son servicios completos de soporte de ventas, marketing, legales, arquitect\u00f3nicos y de TI.<\/span><\/p>\n<p><span style=\"font-weight: 400;\">Riviera Partners Realty brinda un complemento completo de servicios que incluye:<\/span><\/p>\n<ul>\n<li><span style=\"font-weight: 400;\"> Investigaci\u00f3n y an\u00e1lisis de mercado actual.<\/span><\/li>\n<li><span style=\"font-weight: 400;\"> Evaluaci\u00f3n, visualizaci\u00f3n y narraci\u00f3n de historias previas a la construcci\u00f3n.<\/span><\/li>\n<li><span style=\"font-weight: 400;\"> Proyecto de marca y mensajer\u00eda.<\/span><\/li>\n<li><span style=\"font-weight: 400;\"> Estrategias de ventas, marketing y generaci\u00f3n de leads.<\/span><\/li>\n<li><span style=\"font-weight: 400;\"> Identificaci\u00f3n de perspectivas demogr\u00e1ficas y psicogr\u00e1ficas.<\/span><\/li>\n<li><span style=\"font-weight: 400;\"> Identificaci\u00f3n de mercados objetivo potenciales.<\/span><\/li>\n<li><span style=\"font-weight: 400;\"> Planificaci\u00f3n y ejecuci\u00f3n de programas de marketing y generaci\u00f3n de leads.<\/span><\/li>\n<li><span style=\"font-weight: 400;\"> Reclutamiento y capacitaci\u00f3n del equipo de ventas.<\/span><\/li>\n<li><span style=\"font-weight: 400;\"> Elaboraci\u00f3n y revisi\u00f3n de documentaci\u00f3n legal.<\/span><\/li>\n<li><span style=\"font-weight: 400;\"> Coordinaci\u00f3n de cierre y servicios completos de soporte.<\/span><\/li>\n<li><span style=\"font-weight: 400;\"> Dise\u00f1o, escritura y producci\u00f3n de materiales colaterales.<\/span><\/li>\n<li><span style=\"font-weight: 400;\"> Distribuci\u00f3n de materiales colaterales.<\/span><\/li>\n<\/ul>\n<p><span style=\"font-weight: 400;\">El equipo de Riviera Partners Realty trabaja estrechamente con el desarrollador para determinar lo siguiente:<\/span><\/p>\n<ul>\n<li><span style=\"font-weight: 400;\"> Componentes \u00f3ptimos de oferta de productos.<\/span><\/li>\n<li><span style=\"font-weight: 400;\"> Servicios, planificaci\u00f3n, puesta en marcha y estrategia \u00f3ptima de construcci\u00f3n.<\/span><\/li>\n<li><span style=\"font-weight: 400;\"> Estrategias de fijaci\u00f3n de precios (an\u00e1lisis detallado de las condiciones actuales del mercado).<\/span><\/li>\n<li><span style=\"font-weight: 400;\"> Correcci\u00f3n de la fase de lanzamiento del inventario.<\/span><\/li>\n<\/ul>\n<p>&nbsp;<\/p>\n<h3><strong>SERVICIO DE ALQUILER DE PROPIEDAD: RIVIERA RENTALS MEXICO<\/strong><\/h3>\n<p><span style=\"font-weight: 400;\">Como complemento integral de nuestros servicios de Riviera Partners Realty, ofrecemos una divisi\u00f3n de Riviera Rentals M\u00e9xico, que ofrece a los propietarios la oportunidad de alquilar sus propiedades cuando no las est\u00e1n utilizando personalmente. Nuestro equipo de Riviera Rentals M\u00e9xico tiene un profundo conocimiento, experiencia y comprensi\u00f3n de las propiedades que representamos y de toda nuestra regi\u00f3n. Nuestro servicio de conserjer\u00eda garantiza que todos sus deseos y deseos se logren mientras disfruta de sus vacaciones so\u00f1adas en Paradise.<\/span><br \/>\n[\/vc_column_text][\/vc_column][\/vc_row]<\/p>\n","protected":false},"excerpt":{"rendered":"<p>[vc_row][vc_column][vc_column_text] RIVIERA PARTNERS REALTY SERVICES El equipo de Riviera Partners Realty tiene una experiencia incomparable en la comunidad privada, cerrada y planificada de Punta Mita, as\u00ed como en propiedades ubicadas entre el pueblo pesquero de La Cruz de Huanacaxtle, con el puerto deportivo internacional reci\u00e9n terminado hacia el sur y San Francisco (San Pancho) al [&hellip;]<\/p>\n","protected":false},"author":1,"featured_media":0,"parent":0,"menu_order":0,"comment_status":"closed","ping_status":"closed","template":"","meta":{"footnotes":""},"acf":[],"_links":{"self":[{"href":"https:\/\/rivierapartnersrealty.com\/es\/wp-json\/wp\/v2\/pages\/2133"}],"collection":[{"href":"https:\/\/rivierapartnersrealty.com\/es\/wp-json\/wp\/v2\/pages"}],"about":[{"href":"https:\/\/rivierapartnersrealty.com\/es\/wp-json\/wp\/v2\/types\/page"}],"author":[{"embeddable":true,"href":"https:\/\/rivierapartnersrealty.com\/es\/wp-json\/wp\/v2\/users\/1"}],"replies":[{"embeddable":true,"href":"https:\/\/rivierapartnersrealty.com\/es\/wp-json\/wp\/v2\/comments?post=2133"}],"version-history":[{"count":1,"href":"https:\/\/rivierapartnersrealty.com\/es\/wp-json\/wp\/v2\/pages\/2133\/revisions"}],"predecessor-version":[{"id":2134,"href":"https:\/\/rivierapartnersrealty.com\/es\/wp-json\/wp\/v2\/pages\/2133\/revisions\/2134"}],"wp:attachment":[{"href":"https:\/\/rivierapartnersrealty.com\/es\/wp-json\/wp\/v2\/media?parent=2133"}],"curies":[{"name":"wp","href":"https:\/\/api.w.org\/{rel}","templated":true}]}}