{"id":2130,"date":"2018-01-22T16:33:05","date_gmt":"2018-01-22T22:33:05","guid":{"rendered":"http:\/\/rivierapartnersrealty.com\/sobre-nosotros\/"},"modified":"2018-01-23T13:26:47","modified_gmt":"2018-01-23T19:26:47","slug":"sobre-nosotros","status":"publish","type":"page","link":"https:\/\/rivierapartnersrealty.com\/es\/sobre-nosotros\/","title":{"rendered":"Sobre Nosotros"},"content":{"rendered":"<p>[vc_row][vc_column][vc_column_text]<\/p>\n<h3><strong>Bienvenido a Riviera Partners Realty<\/strong><\/h3>\n<p><span style=\"font-weight: 400;\"><strong>Riviera Partners Realty<\/strong> es una destacada compa\u00f1\u00eda l\u00edder de Bienes Ra\u00edces profesionales de servicio completo con una pasi\u00f3n por el lujo de bienes ra\u00edces de lujo a lo largo de la costa del Pac\u00edfico Mexicano. Nos especializamos en comunidades residenciales exclusivas, de lujo y principalmente privadas, ofreciendo servicios profesionales en Ventas, como representante del comprador y como la mejor agencia de listados de la regi\u00f3n, ofreciendo nuestra atenci\u00f3n profesional y detallada a cada detalle como representante de venta \/ listado. Nuestro equipo ejecutivo de <strong>Riviera Partners Realty<\/strong> tambi\u00e9n ofrece servicios de consultor\u00eda profesional, as\u00ed como servicios de marketing, generaci\u00f3n de prospectos, dise\u00f1o y desarrollo de proyectos y gesti\u00f3n de proyectos. A trav\u00e9s de nuestra empresa independiente de alquiler de vacaciones de lujo Riviera Rentals Mexico nos ocupamos de los alquileres de lujo de lujo, junto con nuestros servicios de RRM Concierge. Desde nuestro lanzamiento en 2009, nuestra misi\u00f3n ha sido ofrecer un servicio profesional sin igual a nuestra clientela, garantizando nuestros valores clave de Profesionalidad, Experiencia, Integridad y Resultados.<\/span><\/p>\n<p><span style=\"font-weight: 400;\">Nuestro equipo de <strong>Riviera Partners Realty<\/strong> tiene un conocimiento inigualable de nuestra regi\u00f3n, desde la comunidad residencial privada enclavada de Punta Mita y la costa norte de la Bah\u00eda de Banderas y la costa del Pac\u00edfico hacia el norte. La ribera norte de la Bah\u00eda de Banderas se considera el \u00e1rea geogr\u00e1fica entre el pueblo pesquero La Cruz de Huanacaxtle, donde se encuentra la Marina Internacional y el Club N\u00e1utico La Cruz, hasta la comunidad residencial enclavada privada de Punta Mita en el punto m\u00e1s al norte la Bah\u00eda de Banderas.<\/span><\/p>\n<p><span style=\"font-weight: 400;\"><strong>Riviera Partners Realty<\/strong> tiene una trayectoria comprobada y un conocimiento completo, integral y sin precedentes de toda nuestra regi\u00f3n costera de Riviera Nayarit, espec\u00edficamente la comunidad residencial enclavada privada de Punta Mita y Rivera Northern Shore (Costa Banderas). Dentro de la comunidad planificada de Punta Mita, nuestros socios han sido responsables de la gran mayor\u00eda de las transacciones inmobiliarias (parcelas residenciales y de desarrollo) desde el a\u00f1o 2000 hasta la fecha. Riviera Partners Realty se asocia con la adquisici\u00f3n reciente, el dise\u00f1o, la construcci\u00f3n y la venta exitosa de las propiedades restantes de AIG dentro de la comunidad residencial El Encanto dentro de Punta Mita. Riviera Partners Realty posee actualmente la gran mayor\u00eda de las propiedades de reventa listadas en las comunidades residenciales de Punta Mita (Las Palmas de Punta Mita, Hacienda de Mita, Villas Privadas de Cuatro Temporadas, El Encanto, Lagos del Mar, Kupuri y La Punta). as\u00ed como el inventario de desarrolladores restantes en la comunidad de Hacienda de Mita. Nuestro conocimiento de toda la Riviera Northern Shore y Riviera Nayarit es \u00fanico. Como equipo, ofrecemos una profesionalidad, experiencia, experiencia y resultados incomparables en nuestra regi\u00f3n. \u00a1Estamos comprometidos con la excelencia y al ayudar a que los sue\u00f1os de nuestros clientes se hagan realidad!<\/span><\/p>\n<p><span style=\"font-weight: 400;\">Nuestra oficina est\u00e1 ubicada en Plaza Ollin, Pueblo Pesquero Punta de Mita, Bah\u00eda de Banderas, Riviera Nayarit, M\u00e9xico.<\/span><br \/>\n[\/vc_column_text][\/vc_column][\/vc_row]<\/p>\n","protected":false},"excerpt":{"rendered":"<p>[vc_row][vc_column][vc_column_text] Bienvenido a Riviera Partners Realty Riviera Partners Realty es una destacada compa\u00f1\u00eda l\u00edder de Bienes Ra\u00edces profesionales de servicio completo con una pasi\u00f3n por el lujo de bienes ra\u00edces de lujo a lo largo de la costa del Pac\u00edfico Mexicano. Nos especializamos en comunidades residenciales exclusivas, de lujo y principalmente privadas, ofreciendo servicios profesionales [&hellip;]<\/p>\n","protected":false},"author":1,"featured_media":0,"parent":0,"menu_order":0,"comment_status":"closed","ping_status":"closed","template":"","meta":{"footnotes":""},"acf":[],"_links":{"self":[{"href":"https:\/\/rivierapartnersrealty.com\/es\/wp-json\/wp\/v2\/pages\/2130"}],"collection":[{"href":"https:\/\/rivierapartnersrealty.com\/es\/wp-json\/wp\/v2\/pages"}],"about":[{"href":"https:\/\/rivierapartnersrealty.com\/es\/wp-json\/wp\/v2\/types\/page"}],"author":[{"embeddable":true,"href":"https:\/\/rivierapartnersrealty.com\/es\/wp-json\/wp\/v2\/users\/1"}],"replies":[{"embeddable":true,"href":"https:\/\/rivierapartnersrealty.com\/es\/wp-json\/wp\/v2\/comments?post=2130"}],"version-history":[{"count":5,"href":"https:\/\/rivierapartnersrealty.com\/es\/wp-json\/wp\/v2\/pages\/2130\/revisions"}],"predecessor-version":[{"id":2185,"href":"https:\/\/rivierapartnersrealty.com\/es\/wp-json\/wp\/v2\/pages\/2130\/revisions\/2185"}],"wp:attachment":[{"href":"https:\/\/rivierapartnersrealty.com\/es\/wp-json\/wp\/v2\/media?parent=2130"}],"curies":[{"name":"wp","href":"https:\/\/api.w.org\/{rel}","templated":true}]}}