{"id":2128,"date":"2018-01-22T15:49:09","date_gmt":"2018-01-22T21:49:09","guid":{"rendered":"http:\/\/rivierapartnersrealty.com\/vida-en-el-pacifico-mexicano\/"},"modified":"2023-02-06T18:20:57","modified_gmt":"2023-02-07T00:20:57","slug":"vida-en-el-pacifico-mexicano","status":"publish","type":"page","link":"https:\/\/rivierapartnersrealty.com\/es\/vida-en-el-pacifico-mexicano\/","title":{"rendered":"Vida En El Pac\u00edfico Mexicano"},"content":{"rendered":"<p>[vc_row][vc_column][vc_column_text]<\/p>\n<h3><strong>Costa Norte<\/strong><\/h3>\n<p><span style=\"font-weight: 400;\">La mayor\u00eda de nuestras propiedades listadas, as\u00ed como nuestro foco principal de atenci\u00f3n y experiencia, es la regi\u00f3n entre La Cruz de Huanacaxtle y Punta de Mita, a menudo conocida como la \u00abCosta Norte\u00bb, ya que las propiedades se encuentran a lo largo del litoral norte de la Bah\u00eda de Banderas. El \u00e1rea incluye una selecci\u00f3n de nuevos desarrollos, as\u00ed como algunas comunidades establecidas, a lo largo de tramos con espectaculares playas de fina arena y ensenadas escondidas. <\/span><\/p>\n<p><span style=\"font-weight: 400;\">Mientras que algunas \u00e1reas ofrecen ubicaci\u00f3n frente a la playa, otras cuentan con vista al mar con numerosas opciones para un estilo de vida lujoso y relajado. Esta costa se ha desarrollado como un \u00e1rea puramente residencial, con las \u00fanicas localidades que se encuentran en la Punta de Mita, tales como El Corral del Risco (tambi\u00e9n conocido como El Anclote) y Emiliano Zapata. Estos pueblos se encuentran cerca del famoso complejo tur\u00edstico y residencial de Punta Mita, que se localiza en el punto m\u00e1s al norte de la Bah\u00eda de Banderas.<\/span><\/p>\n<h3><strong>Punta Mita<\/strong><\/h3>\n<p><span style=\"font-weight: 400;\">Punta Mita es la aclamada comunidad residencial privada sobre un enclave de 600 hect\u00e1reas frente al mar, ubicada a s\u00f3lo 45 minutos al noroeste del Aeropuerto Internacional y la ciudad costera de Puerto Vallarta en el Pac\u00edfico mexicano. Punta Mita se ha convertido en el destino de lujo m\u00e1s reconocido de M\u00e9xico para compradores adinerados de todo el mundo, buscando una segunda residencia. Una pen\u00ednsula en forma de punta de lanza con m\u00e1s de 14 kil\u00f3metros de litoral en el Pac\u00edfico, Punta Mita est\u00e1 rodeada por tres hermosas playas de arenas blancas y ensenadas espectaculares gracias a la Bah\u00eda de Banderas (la bah\u00eda natural m\u00e1s grande de M\u00e9xico), las aguas azules del Oc\u00e9ano Pac\u00edfico al oeste y la Bah\u00eda de Litib\u00fa al norte. <\/span><\/p>\n<p><span style=\"font-weight: 400;\">Las opciones residenciales en Punta Mita van desde condominios y villas de lujo hasta propiedades privadas y exclusivas, con precios que van desde USD 0,000.00 hasta m\u00e1s de USD ,000,000.00. Los precios promedio de las residencias frente al mar de Punta Mita son de aproximadamente 30% a 35% menos que las casas de lujo similares en comunidades planificadas de alta gama en Hawai, Los Cabos, las Bahamas y Costa Rica. Nota: \u00abPunta Mita\u00bb se refiere a la comunidad residencial privada de este nombre, donde \u00abPunta de Mita\u00bb se refiere a la poblaci\u00f3n y el \u00e1rea adyacentes. Riviera Partners Realty posee la gran mayor\u00eda de las propiedades actualmente en venta que se ofrecen dentro de la comunidad residencial privada Punta Mita.<\/span><\/p>\n<h3><strong>Costa Banderas<\/strong><\/h3>\n<p><span style=\"font-weight: 400;\">Ubicada a lo largo del corredor norte de la Bah\u00eda de Banderas entre La Cruz de Huanacaxtle y Punta Mita, Costa Banderas es una zona puramente residencial, que est\u00e1 cobrando fama por las casas y comunidades de lujo sobre su exquisita costa. Esta es probablemente la zona de m\u00e1s r\u00e1pido crecimiento para los desarrollos lujosos de bienes ra\u00edces en M\u00e9xico (incluida Punta Mita), con varios de ellos actualmente en las etapas iniciales de planificaci\u00f3n.<\/span><\/p>\n<p><span style=\"font-weight: 400;\">Comunidades residenciales ubicadas dentro de la regi\u00f3n de la Costa Norte:<\/span><\/p>\n<ul>\n<li style=\"font-weight: 400;\"><span style=\"font-weight: 400;\">Punta Mita<\/span><\/li>\n<li style=\"font-weight: 400;\"><span style=\"font-weight: 400;\">El Banco<\/span><\/li>\n<li style=\"font-weight: 400;\"><span style=\"font-weight: 400;\">Paradise Coves<\/span><\/li>\n<li style=\"font-weight: 400;\"><span style=\"font-weight: 400;\">Pontoquito<\/span><\/li>\n<li style=\"font-weight: 400;\"><span style=\"font-weight: 400;\">El Farall\u00f3n<\/span><\/li>\n<li style=\"font-weight: 400;\"><span style=\"font-weight: 400;\">Los Veneros<\/span><\/li>\n<li style=\"font-weight: 400;\"><span style=\"font-weight: 400;\">Real del Mar<\/span><\/li>\n<\/ul>\n<h3><strong>Riviera Nayarit Norte<\/strong><\/h3>\n<p><span style=\"font-weight: 400;\">Esta \u00e1rea se encuentra m\u00e1s all\u00e1 del borde de la Bah\u00eda de Banderas. Se puede acceder ya sea viajando hacia el norte desde Puerto Vallarta a lo largo de la carretera principal (Carr. Federal 200), o desde Punta de Mita, a trav\u00e9s de un \u00abcamino trasero\u00bb recientemente desarrollado a lo largo de la costa que conecta Punta de Mita con Sayulita.<\/span><\/p>\n<h3><strong>Litib\u00fa<\/strong><\/h3>\n<p><span style=\"font-weight: 400;\">A lo largo de este \u201ccamino trasero\u201d&#8217; se encuentra el nuevo desarrollo FONATUR de Litib\u00fa, justo frente al mar, con un campo de golf Greg Norman de 18 hoyos y varias oportunidades de bienes ra\u00edces residenciales en breve. M\u00e1s all\u00e1 de esta mega comunidad de complejos en ciernes hay algunas localidades peque\u00f1as pero interesantes en desarrollo, todas ubicadas a lo largo de la costa mientras viajas hacia el norte desde Punta de Mita hasta Sayulita.<\/span><\/p>\n<h3><strong>Sayulita<\/strong><\/h3>\n<p><span style=\"font-weight: 400;\">Mientras que el \u00e1rea de Punta Mita es el hogar de propiedades inmobiliarias de lujo de alta gama, Sayulita es decididamente m\u00e1s bohemia, con una mezcla de ofertas inmobiliarias de gama media-alta y algunas propiedades de alta gama recientemente desarrolladas. Punta Sayulita es una comunidad residencial cerrada que ofrece propiedades de lujo y vida en comunidad con amenidades exclusivas y playas para sus residentes. Es, en el fondo, un destino de surf que est\u00e1 evolucionando r\u00e1pidamente hacia un pueblo de playa mexicano m\u00e1s elegante y tradicional. <\/span><\/p>\n<p><span style=\"font-weight: 400;\">Una actitud despreocupada todav\u00eda parece impregnar el aire aqu\u00ed, a pesar de las sutilezas que aparecen en los puestos de comida mexicana baratos, las tiendas de estilo hippie hechas a mano y algunos deliciosos restaurantes tambi\u00e9n. Se est\u00e1 aburguesando r\u00e1pidamente con nuevos caf\u00e9s, elegantes boutiques, spas dotados de aromaterapia y vida nocturna lo suficientemente picante para incluso los m\u00e1s hastiados de los fiesteros. <\/span><\/p>\n<p><span style=\"font-weight: 400;\">En los \u00faltimos a\u00f1os, los visitantes y lugare\u00f1os que descubren que el \u00e1rea de Puerto Vallarta se ha vuelto demasiado \u00abcosmopolita\u00bb han comenzado a congregarse aqu\u00ed, en busca de los encantos simples de la vida en la playa. La principal prensa de viajes not\u00f3 esta tendencia y populariz\u00f3 este lugar hasta un punto de inflexi\u00f3n en 2007. En Sayulita, el camino se recorta y se conecta con la autopista 200.<\/span><\/p>\n<h3><strong>San Francisco (San Pancho)<\/strong><\/h3>\n<p><span style=\"font-weight: 400;\">M\u00e1s al norte, a lo largo de la costa, se encuentra San Francisco (San Pancho), donde no s\u00f3lo encontrar\u00e1 restaurantes gourmet, sino tambi\u00e9n playas, hoteles boutique y el campo de polo propio de la regi\u00f3n: La Patrona Polo Club <\/span><span style=\"font-weight: 400;\">(<\/span><a href=\"http:\/\/lapatronapoloclub.com\/lapatrona\"><span style=\"font-weight: 400;\">lapatronapoloclub.com\/lapatrona<\/span><\/a><span style=\"font-weight: 400;\">). <\/span><\/p>\n<p><span style=\"font-weight: 400;\">Los partidos se llevan a cabo cada s\u00e1bado durante los meses de invierno, \u00a1y realmente atraen a una multitud! El mercado inmobiliario aqu\u00ed est\u00e1 floreciendo, con interesantes oportunidades disponibles.<\/span><\/p>\n<h3><strong>La Cruz de Huanacaxtle<\/strong><\/h3>\n<p><span style=\"font-weight: 400;\">Siguiendo la l\u00ednea costera curva, dentro de la Bah\u00eda de Banderas, al noroeste encontrar\u00e1 La Cruz de Huanacaxtle, el punto de un nuevo proyecto de mega marina de clase mundial que se ha completado recientemente. A pesar de los desarrollos residenciales que surgen a lo largo de sus l\u00edmites, La Cruz sigue siendo una encantadora villa costera con mucho color local. Mientras el pueblo de La Cruz est\u00e1 predominantemente formado por casas unifamiliares, busque condominios y <\/span><i><span style=\"font-weight: 400;\">townhouses<\/span><\/i><span style=\"font-weight: 400;\"> en los desarrollos circundantes, tales como Vallarta Gardens, La Joya de Huanacaxtle y la comunidad de Alamar justo en la ladera de la monta\u00f1a. <\/span><\/p>\n<p><span style=\"font-weight: 400;\">Marina Riviera Nayarit ofrece m\u00e1s de 350 embarcaciones que var\u00edan en tama\u00f1o desde 31&#8242; hasta 400&#8242;, as\u00ed como servicios de combustible y muelle seco. Un club n\u00e1utico con Skybar y una agenda de actividades sociales est\u00e1n abiertas a todos en la zona, as\u00ed como una tienda \u00a0deli y el mercado del mar. Esta instalaci\u00f3n sin duda transformar\u00e1 a La Cruz de ser un anclaje tranquilo y casual como se le conoc\u00eda, a ser ahora un verdadero faro para los entusiastas de la navegaci\u00f3n.<\/span><\/p>\n<h3><strong>Bucer\u00edas<\/strong><\/h3>\n<p><span style=\"font-weight: 400;\">Bucer\u00edas se encuentra a 30 km (19 millas) al norte del aeropuerto, en el punto donde la Bah\u00eda de Banderas se curva hacia el oeste, un peque\u00f1o pueblo junto a la playa de calles adoquinadas, casas pintorescas y peque\u00f1os hoteles. Ha evolucionado como un segundo hogar popular para la comunidad extranjera, ofreciendo principalmente viviendas unifamiliares en lugar de comunidades desarrolladas. <\/span><\/p>\n<p><span style=\"font-weight: 400;\">Su playa es conocida como la m\u00e1s popular en el \u00e1rea para el windsurf, el kitesurf y la navegaci\u00f3n, debido a los constantes vientos alisios que soplan desde enero hasta mediados de junio. La plaza central y las animadas tiendas que bordean la calle, le dan a Bucer\u00edas un aire tradicional. Al otro lado de la carretera, hacia el este, el desarrollo est\u00e1 creciendo, con varias comunidades planificadas y centros comerciales m\u00e1s modernos que completan la escena.<\/span><\/p>\n<h3><strong>Nuevo Vallarta<\/strong><\/h3>\n<p><span style=\"font-weight: 400;\">Nuevo Vallarta comenz\u00f3 su desarrollo como un complejo planificado y una extensi\u00f3n al norte de la zona tur\u00edstica de Puerto Vallarta. Inicialmente estaba compuesto por una colecci\u00f3n de hoteles de mediana altura ubicados a lo largo de un tramo espectacular de playa de arena fina, bordeado por una serie de canales en el lado interior. Un puerto deportivo y el campo de golf El Tigre siguieron poco despu\u00e9s, ambos componentes del amplio complejo Paradise Village, junto con una colecci\u00f3n de ofertas residenciales y el centro comercial Paradise Plaza. <\/span><\/p>\n<p><span style=\"font-weight: 400;\">Hoy en d\u00eda, esta \u00e1rea ofrece una de las mayores concentraciones de comunidades y hoteles de condominios frente a la playa. El resultado es una comunidad integral que, ubicada a unos 15 minutos al norte del Aeropuerto Internacional, constituye una alternativa conveniente y atractiva a Puerto Vallarta para los vacacionistas y propietarios de complejos tur\u00edsticos. Nuevo Vallarta es tambi\u00e9n el hogar del extenso complejo hotelero y tiempo compartido de Grupo Vidanta y el campo de golf, as\u00ed como tambi\u00e9n de la aclamada compa\u00f1\u00eda de tours y deportes, <a href=\"https:\/\/www.vallarta-adventures.com\/es\" target=\"_blank\" rel=\"noopener\">Vallarta Adventures<\/a>.<\/span><\/p>\n<h3><strong>Puerto Vallarta<\/strong><\/h3>\n<p><span style=\"font-weight: 400;\">Con su arquitectura tradicional mexicana y playas de arena dorada rodeadas por monta\u00f1as cubiertas de jungla, es el segundo centro tur\u00edstico m\u00e1s visitado de M\u00e9xico (detr\u00e1s de Canc\u00fan). Situado a mitad de la costa del Pac\u00edfico mexicano, Puerto Vallarta se encuentra al pie de las monta\u00f1as de la Sierra Madre. Con vistas a la Bah\u00eda de Banderas, se encuentra en la misma latitud que Hawai. <\/span><\/p>\n<p><span style=\"font-weight: 400;\">El centro hist\u00f3rico, mantiene el encanto de una ciudad peque\u00f1a a pesar de contar con sofisticados hoteles, excelentes restaurantes, una pr\u00f3spera comunidad art\u00edstica, vida nocturna activa y una creciente variedad de atracciones de ecoturismo en las \u00e1reas circundantes. A menudo se le conoc\u00eda como una \u00abpeque\u00f1a aldea de pescadores adormecida\u00bb, hoy en d\u00eda, Vallarta se ha convertido en una ciudad sofisticada con todas las atracciones y el desarrollo en auge que conlleva este crecimiento. <\/span><\/p>\n<p><span style=\"font-weight: 400;\">Vallarta ofrece uno de los aeropuertos m\u00e1s grandes de M\u00e9xico con un n\u00famero creciente de vuelos procedentes de las principales ciudades de los Estados Unidos, Canad\u00e1, Europa y el resto de M\u00e9xico.<\/span><\/p>\n<p>[\/vc_column_text][\/vc_column][\/vc_row]<\/p>\n","protected":false},"excerpt":{"rendered":"<p>[vc_row][vc_column][vc_column_text] Costa Norte La mayor\u00eda de nuestras propiedades listadas, as\u00ed como nuestro foco principal de atenci\u00f3n y experiencia, es la regi\u00f3n entre La Cruz de Huanacaxtle y Punta de Mita, a menudo conocida como la \u00abCosta Norte\u00bb, ya que las propiedades se encuentran a lo largo del litoral norte de la Bah\u00eda de Banderas. El [&hellip;]<\/p>\n","protected":false},"author":1,"featured_media":0,"parent":0,"menu_order":0,"comment_status":"closed","ping_status":"closed","template":"","meta":{"footnotes":""},"acf":[],"_links":{"self":[{"href":"https:\/\/rivierapartnersrealty.com\/es\/wp-json\/wp\/v2\/pages\/2128"}],"collection":[{"href":"https:\/\/rivierapartnersrealty.com\/es\/wp-json\/wp\/v2\/pages"}],"about":[{"href":"https:\/\/rivierapartnersrealty.com\/es\/wp-json\/wp\/v2\/types\/page"}],"author":[{"embeddable":true,"href":"https:\/\/rivierapartnersrealty.com\/es\/wp-json\/wp\/v2\/users\/1"}],"replies":[{"embeddable":true,"href":"https:\/\/rivierapartnersrealty.com\/es\/wp-json\/wp\/v2\/comments?post=2128"}],"version-history":[{"count":3,"href":"https:\/\/rivierapartnersrealty.com\/es\/wp-json\/wp\/v2\/pages\/2128\/revisions"}],"predecessor-version":[{"id":8209,"href":"https:\/\/rivierapartnersrealty.com\/es\/wp-json\/wp\/v2\/pages\/2128\/revisions\/8209"}],"wp:attachment":[{"href":"https:\/\/rivierapartnersrealty.com\/es\/wp-json\/wp\/v2\/media?parent=2128"}],"curies":[{"name":"wp","href":"https:\/\/api.w.org\/{rel}","templated":true}]}}